{"id":2199,"date":"2024-01-12T14:48:45","date_gmt":"2024-01-12T12:48:45","guid":{"rendered":"https:\/\/grei-grei.lt\/?page_id=2199"},"modified":"2025-02-04T10:06:15","modified_gmt":"2025-02-04T08:06:15","slug":"home","status":"publish","type":"page","link":"https:\/\/grei-grei.lt\/en\/","title":{"rendered":"Grei"},"content":{"rendered":"","protected":false},"excerpt":{"rendered":"","protected":false},"author":1,"featured_media":0,"parent":0,"menu_order":0,"comment_status":"closed","ping_status":"closed","template":"landing.php","meta":{"bt_blocks_editor_width":"","footnotes":""},"class_list":["post-2199","page","type-page","status-publish","hentry"],"yoast_head":"<!-- This site is optimized with the Yoast SEO plugin v27.2 - https:\/\/yoast.com\/product\/yoast-seo-wordpress\/ -->\n<title>Grei<\/title>\n<meta name=\"description\" content=\"Hello, this page is about me and my creative work.\" \/>\n<meta name=\"robots\" content=\"index, follow, max-snippet:-1, max-image-preview:large, max-video-preview:-1\" \/>\n<meta property=\"og:locale\" content=\"en_GB\" \/>\n<meta property=\"og:type\" content=\"article\" \/>\n<meta property=\"og:title\" content=\"Grei\" \/>\n<meta property=\"og:description\" content=\"Hello, this page is about me and my creative work.\" \/>\n<meta property=\"og:url\" content=\"https:\/\/grei-grei.lt\/en\/\" \/>\n<meta property=\"og:site_name\" content=\"Grei\" \/>\n<meta property=\"article:publisher\" content=\"https:\/\/www.facebook.com\/greidesign\/\" \/>\n<meta property=\"article:modified_time\" content=\"2025-02-04T08:06:15+00:00\" \/>\n<meta property=\"og:image\" content=\"https:\/\/grei-grei.lt\/wp-content\/uploads\/D-Landing.jpg\" \/>\n\t<meta property=\"og:image:width\" content=\"1920\" \/>\n\t<meta property=\"og:image:height\" content=\"1080\" \/>\n\t<meta property=\"og:image:type\" content=\"image\/jpeg\" \/>\n<meta name=\"twitter:card\" content=\"summary_large_image\" \/>\n<script type=\"application\/ld+json\" class=\"yoast-schema-graph\">{\"@context\":\"https:\/\/schema.org\",\"@graph\":[{\"@type\":\"WebPage\",\"@id\":\"https:\/\/grei-grei.lt\/en\/\",\"url\":\"https:\/\/grei-grei.lt\/en\/\",\"name\":\"Grei | Grei\",\"isPartOf\":{\"@id\":\"https:\/\/grei-grei.lt\/#website\"},\"datePublished\":\"2024-01-12T12:48:45+00:00\",\"dateModified\":\"2025-02-04T08:06:15+00:00\",\"description\":\"Labas, \u0161is puslapis apie mane ir mano k\u016bryb\u0105.\",\"breadcrumb\":{\"@id\":\"https:\/\/grei-grei.lt\/en\/#breadcrumb\"},\"inLanguage\":\"en-GB\",\"potentialAction\":[{\"@type\":\"ReadAction\",\"target\":[\"https:\/\/grei-grei.lt\/en\/\"]}]},{\"@type\":\"BreadcrumbList\",\"@id\":\"https:\/\/grei-grei.lt\/en\/#breadcrumb\",\"itemListElement\":[{\"@type\":\"ListItem\",\"position\":1,\"name\":\"Grei\",\"item\":\"https:\/\/grei-grei.lt\/\"},{\"@type\":\"ListItem\",\"position\":2,\"name\":\"Grei\"}]},{\"@type\":\"WebSite\",\"@id\":\"https:\/\/grei-grei.lt\/en\/#website\",\"url\":\"https:\/\/grei-grei.lt\/en\/\",\"name\":\"Grei\",\"description\":\"\",\"publisher\":{\"@id\":\"https:\/\/grei-grei.lt\/en\/#organization\"},\"potentialAction\":[{\"@type\":\"SearchAction\",\"target\":{\"@type\":\"EntryPoint\",\"urlTemplate\":\"https:\/\/grei-grei.lt\/en\/?s={search_term_string}\"},\"query-input\":{\"@type\":\"PropertyValueSpecification\",\"valueRequired\":true,\"valueName\":\"search_term_string\"}}],\"inLanguage\":\"en-GB\"},{\"@type\":\"Organization\",\"@id\":\"https:\/\/grei-grei.lt\/en\/#organization\",\"name\":\"Grei\",\"url\":\"https:\/\/grei-grei.lt\/en\/\",\"logo\":{\"@type\":\"ImageObject\",\"inLanguage\":\"en-GB\",\"@id\":\"https:\/\/grei-grei.lt\/en\/#\/schema\/logo\/image\/\",\"url\":\"https:\/\/val.grei-grei.lt\/wp-content\/uploads\/favicon@4x.png\",\"contentUrl\":\"https:\/\/val.grei-grei.lt\/wp-content\/uploads\/favicon@4x.png\",\"width\":212,\"height\":212,\"caption\":\"Grei\"},\"image\":{\"@id\":\"https:\/\/grei-grei.lt\/en\/#\/schema\/logo\/image\/\"},\"sameAs\":[\"https:\/\/www.facebook.com\/greidesign\/\",\"https:\/\/www.instagram.com\/grazinagrei\/\"]}]}<\/script>\n<!-- \/ Yoast SEO plugin. -->","yoast_head_json":{"title":"Grei","description":"Hello, this page is about me and my creative work.","robots":{"index":"index","follow":"follow","max-snippet":"max-snippet:-1","max-image-preview":"max-image-preview:large","max-video-preview":"max-video-preview:-1"},"og_locale":"en_GB","og_type":"article","og_title":"Grei","og_description":"Hello, this page is about me and my creative work.","og_url":"https:\/\/grei-grei.lt\/en\/","og_site_name":"Grei","article_publisher":"https:\/\/www.facebook.com\/greidesign\/","article_modified_time":"2025-02-04T08:06:15+00:00","og_image":[{"width":1920,"height":1080,"url":"https:\/\/grei-grei.lt\/wp-content\/uploads\/D-Landing.jpg","type":"image\/jpeg"}],"twitter_card":"summary_large_image","schema":{"@context":"https:\/\/schema.org","@graph":[{"@type":"WebPage","@id":"https:\/\/grei-grei.lt\/en\/","url":"https:\/\/grei-grei.lt\/en\/","name":"Grei | Grei","isPartOf":{"@id":"https:\/\/grei-grei.lt\/#website"},"datePublished":"2024-01-12T12:48:45+00:00","dateModified":"2025-02-04T08:06:15+00:00","description":"Labas, \u0161is puslapis apie mane ir mano k\u016bryb\u0105.","breadcrumb":{"@id":"https:\/\/grei-grei.lt\/en\/#breadcrumb"},"inLanguage":"en-GB","potentialAction":[{"@type":"ReadAction","target":["https:\/\/grei-grei.lt\/en\/"]}]},{"@type":"BreadcrumbList","@id":"https:\/\/grei-grei.lt\/en\/#breadcrumb","itemListElement":[{"@type":"ListItem","position":1,"name":"Grei","item":"https:\/\/grei-grei.lt\/"},{"@type":"ListItem","position":2,"name":"Grei"}]},{"@type":"WebSite","@id":"https:\/\/grei-grei.lt\/en\/#website","url":"https:\/\/grei-grei.lt\/en\/","name":"Grei","description":"","publisher":{"@id":"https:\/\/grei-grei.lt\/en\/#organization"},"potentialAction":[{"@type":"SearchAction","target":{"@type":"EntryPoint","urlTemplate":"https:\/\/grei-grei.lt\/en\/?s={search_term_string}"},"query-input":{"@type":"PropertyValueSpecification","valueRequired":true,"valueName":"search_term_string"}}],"inLanguage":"en-GB"},{"@type":"Organization","@id":"https:\/\/grei-grei.lt\/en\/#organization","name":"Grei","url":"https:\/\/grei-grei.lt\/en\/","logo":{"@type":"ImageObject","inLanguage":"en-GB","@id":"https:\/\/grei-grei.lt\/en\/#\/schema\/logo\/image\/","url":"https:\/\/val.grei-grei.lt\/wp-content\/uploads\/favicon@4x.png","contentUrl":"https:\/\/val.grei-grei.lt\/wp-content\/uploads\/favicon@4x.png","width":212,"height":212,"caption":"Grei"},"image":{"@id":"https:\/\/grei-grei.lt\/en\/#\/schema\/logo\/image\/"},"sameAs":["https:\/\/www.facebook.com\/greidesign\/","https:\/\/www.instagram.com\/grazinagrei\/"]}]}},"_links":{"self":[{"href":"https:\/\/grei-grei.lt\/en\/wp-json\/wp\/v2\/pages\/2199","targetHints":{"allow":["GET"]}}],"collection":[{"href":"https:\/\/grei-grei.lt\/en\/wp-json\/wp\/v2\/pages"}],"about":[{"href":"https:\/\/grei-grei.lt\/en\/wp-json\/wp\/v2\/types\/page"}],"author":[{"embeddable":true,"href":"https:\/\/grei-grei.lt\/en\/wp-json\/wp\/v2\/users\/1"}],"replies":[{"embeddable":true,"href":"https:\/\/grei-grei.lt\/en\/wp-json\/wp\/v2\/comments?post=2199"}],"version-history":[{"count":1,"href":"https:\/\/grei-grei.lt\/en\/wp-json\/wp\/v2\/pages\/2199\/revisions"}],"predecessor-version":[{"id":3746,"href":"https:\/\/grei-grei.lt\/en\/wp-json\/wp\/v2\/pages\/2199\/revisions\/3746"}],"wp:attachment":[{"href":"https:\/\/grei-grei.lt\/en\/wp-json\/wp\/v2\/media?parent=2199"}],"curies":[{"name":"wp","href":"https:\/\/api.w.org\/{rel}","templated":true}]}}