{"id":16,"date":"2017-08-07T22:08:42","date_gmt":"2017-08-07T19:08:42","guid":{"rendered":"http:\/\/portfolio.grei-grei.lt\/?page_id=16"},"modified":"2025-02-01T00:56:42","modified_gmt":"2025-01-31T22:56:42","slug":"apie","status":"publish","type":"page","link":"https:\/\/grei-grei.lt\/en\/about\/","title":{"rendered":"Gra\u017eina Eimanavi\u010di\u016bt\u0117 Ka\u0161\u010dionien\u0117"},"content":{"rendered":"Hi, my name is Gra\u017eina. I am graphic designer, and I also love programming. I live and create in Palanga, Lithuania. I have got graphic design masters degree at Vilnius Art Academy. Since 2017 I am a member of Lithuanian Artists\u2019 Association and Palanga Artist group \u201cMostas\u201c. As an artist I create digital graphics, generative art ant kinetic illusions and actively participate in various exhibitions. Over a decade I work as a freelance designer and specialize in print and web design, logos and branding. Also I create unusual websites, visualizations, interactive infographics and other interdisciplinary projects.\r\n\r\n \r\n<p class=\"has-text-align-center\">If you have any questions, please contact me by email:<br><a \r\nhref=\"mailto:grei@grei-grei.lt\">grei@grei-grei.lt<\/a><\/p>\r\n\r\n\r\n\r\n<svg class=\"alt-dot\" viewBox=\"0 0 6 3\" width=\"6\" height=\"3\">\r\n    <circle class=\"svg-dot\" cx=\"3\" cy=\"1.5\" r=\"1\"\/>\r\n<\/svg>\r\n\r\n\r\n\r\n<p class=\"has-text-align-center\">Adobe Illustrator <svg class=\"skill-dot\" viewBox=\"0 0 8 8\" width=\"8\" height=\"8\"><circle class=\"svg-dot\" cx=\"4\" cy=\"4\" r=\"1\"><\/circle><\/svg> Adobe Photoshop <svg class=\"skill-dot\" viewBox=\"0 0 8 8\" width=\"8\" height=\"8\"><circle class=\"svg-dot\" cx=\"4\" cy=\"4\" r=\"1\"><\/circle><\/svg> Adobe InDesign <svg class=\"skill-dot\" viewBox=\"0 0 8 8\" width=\"8\" height=\"8\"><circle class=\"svg-dot\" cx=\"4\" cy=\"4\" r=\"1\"><\/circle><\/svg> Adobe XD <svg class=\"skill-dot\" viewBox=\"0 0 8 8\" width=\"8\" height=\"8\"><circle class=\"svg-dot\" cx=\"4\" cy=\"4\" r=\"1\"><\/circle><\/svg> Adobe After Effects <svg class=\"skill-dot\" viewBox=\"0 0 8 8\" width=\"8\" height=\"8\"><circle class=\"svg-dot\" cx=\"4\" cy=\"4\" r=\"1\"><\/circle><\/svg> PenPot<\/p>\r\n\r\n\r\n\r\n<p class=\"has-text-align-center\"> HTML <svg class=\"skill-dot\" viewBox=\"0 0 8 8\" width=\"8\" height=\"8\"><circle class=\"svg-dot\" cx=\"4\" cy=\"4\" r=\"1\"><\/circle><\/svg> CSS <svg class=\"skill-dot\" viewBox=\"0 0 8 8\" width=\"8\" height=\"8\"><circle class=\"svg-dot\" cx=\"4\" cy=\"4\" r=\"1\"><\/circle><\/svg> JavaSript <svg class=\"skill-dot\" viewBox=\"0 0 8 8\" width=\"8\" height=\"8\"><circle class=\"svg-dot\" cx=\"4\" cy=\"4\" r=\"1\"><\/circle><\/svg> PHP <svg class=\"skill-dot\" viewBox=\"0 0 8 8\" width=\"8\" height=\"8\"><\/p>\r\n\r\n\r\n\r\n<svg class=\"alt-dot\" viewBox=\"0 0 6 3\" width=\"6\" height=\"3\">\r\n    <circle class=\"svg-dot\" cx=\"3\" cy=\"1.5\" r=\"1\"\/>\r\n<\/svg>\r\n\r\n\r\n\r\n<ul class=\"wp-block-social-links has-icon-color is-style-logos-only is-content-justification-center is-layout-flex wp-container-core-social-links-is-layout-16018d1d wp-block-social-links-is-layout-flex\"><li style=\"color:#ffffff;\" class=\"wp-social-link wp-social-link-facebook has-white-color wp-block-social-link\"><a rel=\"noopener nofollow\" target=\"_blank\" href=\"https:\/\/www.facebook.com\/greidesign\" class=\"wp-block-social-link-anchor\"><svg width=\"24\" height=\"24\" viewBox=\"0 0 24 24\" version=\"1.1\" xmlns=\"http:\/\/www.w3.org\/2000\/svg\" aria-hidden=\"true\" focusable=\"false\"><path d=\"M12 2C6.5 2 2 6.5 2 12c0 5 3.7 9.1 8.4 9.9v-7H7.9V12h2.5V9.8c0-2.5 1.5-3.9 3.8-3.9 1.1 0 2.2.2 2.2.2v2.5h-1.3c-1.2 0-1.6.8-1.6 1.6V12h2.8l-.4 2.9h-2.3v7C18.3 21.1 22 17 22 12c0-5.5-4.5-10-10-10z\"><\/path><\/svg><span class=\"wp-block-social-link-label screen-reader-text\">Facebook<\/span><\/a><\/li>\r\n\r\n<li style=\"color:#ffffff;\" class=\"wp-social-link wp-social-link-instagram has-white-color wp-block-social-link\"><a rel=\"noopener nofollow\" target=\"_blank\" href=\"https:\/\/www.instagram.com\/grazinagrei\/\" class=\"wp-block-social-link-anchor\"><svg width=\"24\" height=\"24\" viewBox=\"0 0 24 24\" version=\"1.1\" xmlns=\"http:\/\/www.w3.org\/2000\/svg\" aria-hidden=\"true\" focusable=\"false\"><path d=\"M12,4.622c2.403,0,2.688,0.009,3.637,0.052c0.877,0.04,1.354,0.187,1.671,0.31c0.42,0.163,0.72,0.358,1.035,0.673 c0.315,0.315,0.51,0.615,0.673,1.035c0.123,0.317,0.27,0.794,0.31,1.671c0.043,0.949,0.052,1.234,0.052,3.637 s-0.009,2.688-0.052,3.637c-0.04,0.877-0.187,1.354-0.31,1.671c-0.163,0.42-0.358,0.72-0.673,1.035 c-0.315,0.315-0.615,0.51-1.035,0.673c-0.317,0.123-0.794,0.27-1.671,0.31c-0.949,0.043-1.233,0.052-3.637,0.052 s-2.688-0.009-3.637-0.052c-0.877-0.04-1.354-0.187-1.671-0.31c-0.42-0.163-0.72-0.358-1.035-0.673 c-0.315-0.315-0.51-0.615-0.673-1.035c-0.123-0.317-0.27-0.794-0.31-1.671C4.631,14.688,4.622,14.403,4.622,12 s0.009-2.688,0.052-3.637c0.04-0.877,0.187-1.354,0.31-1.671c0.163-0.42,0.358-0.72,0.673-1.035 c0.315-0.315,0.615-0.51,1.035-0.673c0.317-0.123,0.794-0.27,1.671-0.31C9.312,4.631,9.597,4.622,12,4.622 M12,3 C9.556,3,9.249,3.01,8.289,3.054C7.331,3.098,6.677,3.25,6.105,3.472C5.513,3.702,5.011,4.01,4.511,4.511 c-0.5,0.5-0.808,1.002-1.038,1.594C3.25,6.677,3.098,7.331,3.054,8.289C3.01,9.249,3,9.556,3,12c0,2.444,0.01,2.751,0.054,3.711 c0.044,0.958,0.196,1.612,0.418,2.185c0.23,0.592,0.538,1.094,1.038,1.594c0.5,0.5,1.002,0.808,1.594,1.038 c0.572,0.222,1.227,0.375,2.185,0.418C9.249,20.99,9.556,21,12,21s2.751-0.01,3.711-0.054c0.958-0.044,1.612-0.196,2.185-0.418 c0.592-0.23,1.094-0.538,1.594-1.038c0.5-0.5,0.808-1.002,1.038-1.594c0.222-0.572,0.375-1.227,0.418-2.185 C20.99,14.751,21,14.444,21,12s-0.01-2.751-0.054-3.711c-0.044-0.958-0.196-1.612-0.418-2.185c-0.23-0.592-0.538-1.094-1.038-1.594 c-0.5-0.5-1.002-0.808-1.594-1.038c-0.572-0.222-1.227-0.375-2.185-0.418C14.751,3.01,14.444,3,12,3L12,3z M12,7.378 c-2.552,0-4.622,2.069-4.622,4.622S9.448,16.622,12,16.622s4.622-2.069,4.622-4.622S14.552,7.378,12,7.378z M12,15 c-1.657,0-3-1.343-3-3s1.343-3,3-3s3,1.343,3,3S13.657,15,12,15z M16.804,6.116c-0.596,0-1.08,0.484-1.08,1.08 s0.484,1.08,1.08,1.08c0.596,0,1.08-0.484,1.08-1.08S17.401,6.116,16.804,6.116z\"><\/path><\/svg><span class=\"wp-block-social-link-label screen-reader-text\">Instagram<\/span><\/a><\/li>\r\n\r\n<li style=\"color:#ffffff;\" class=\"wp-social-link wp-social-link-behance has-white-color wp-block-social-link\"><a rel=\"noopener nofollow\" target=\"_blank\" href=\"https:\/\/www.behance.net\/grei\" class=\"wp-block-social-link-anchor\"><svg width=\"24\" height=\"24\" viewBox=\"0 0 24 24\" version=\"1.1\" xmlns=\"http:\/\/www.w3.org\/2000\/svg\" aria-hidden=\"true\" focusable=\"false\"><path d=\"M7.799,5.698c0.589,0,1.12,0.051,1.606,0.156c0.482,0.102,0.894,0.273,1.241,0.507c0.344,0.235,0.612,0.546,0.804,0.938 c0.188,0.387,0.281,0.871,0.281,1.443c0,0.619-0.141,1.137-0.421,1.551c-0.284,0.413-0.7,0.751-1.255,1.014 c0.756,0.218,1.317,0.601,1.689,1.146c0.374,0.549,0.557,1.205,0.557,1.975c0,0.623-0.12,1.161-0.359,1.612 c-0.241,0.457-0.569,0.828-0.973,1.114c-0.408,0.288-0.876,0.5-1.399,0.637C9.052,17.931,8.514,18,7.963,18H2V5.698H7.799 M7.449,10.668c0.481,0,0.878-0.114,1.192-0.345c0.311-0.228,0.463-0.603,0.463-1.119c0-0.286-0.051-0.523-0.152-0.707 C8.848,8.315,8.711,8.171,8.536,8.07C8.362,7.966,8.166,7.894,7.94,7.854c-0.224-0.044-0.457-0.06-0.697-0.06H4.709v2.874H7.449z M7.6,15.905c0.267,0,0.521-0.024,0.759-0.077c0.243-0.053,0.457-0.137,0.637-0.261c0.182-0.12,0.332-0.283,0.441-0.491 C9.547,14.87,9.6,14.602,9.6,14.278c0-0.633-0.18-1.084-0.533-1.357c-0.356-0.27-0.83-0.404-1.413-0.404H4.709v3.388L7.6,15.905z M16.162,15.864c0.367,0.358,0.897,0.538,1.583,0.538c0.493,0,0.92-0.125,1.277-0.374c0.354-0.248,0.571-0.514,0.654-0.79h2.155 c-0.347,1.072-0.872,1.838-1.589,2.299C19.534,18,18.67,18.23,17.662,18.23c-0.701,0-1.332-0.113-1.899-0.337 c-0.567-0.227-1.041-0.544-1.439-0.958c-0.389-0.415-0.689-0.907-0.904-1.484c-0.213-0.574-0.32-1.21-0.32-1.899 c0-0.666,0.11-1.288,0.329-1.863c0.222-0.577,0.529-1.075,0.933-1.492c0.406-0.42,0.885-0.751,1.444-0.994 c0.558-0.241,1.175-0.363,1.857-0.363c0.754,0,1.414,0.145,1.98,0.44c0.563,0.291,1.026,0.686,1.389,1.181 c0.363,0.493,0.622,1.057,0.783,1.69c0.16,0.632,0.217,1.292,0.171,1.983h-6.428C15.557,14.84,15.795,15.506,16.162,15.864 M18.973,11.184c-0.291-0.321-0.783-0.496-1.384-0.496c-0.39,0-0.714,0.066-0.973,0.2c-0.254,0.132-0.461,0.297-0.621,0.491 c-0.157,0.197-0.265,0.405-0.328,0.628c-0.063,0.217-0.101,0.413-0.111,0.587h3.98C19.478,11.969,19.265,11.509,18.973,11.184z M15.057,7.738h4.985V6.524h-4.985L15.057,7.738z\"><\/path><\/svg><span class=\"wp-block-social-link-label screen-reader-text\">Behance<\/span><\/a><\/li>\r\n\r\n<li style=\"color:#ffffff;\" class=\"wp-social-link wp-social-link-dribbble has-white-color wp-block-social-link\"><a rel=\"noopener nofollow\" target=\"_blank\" href=\"https:\/\/dribbble.com\/Grei\" class=\"wp-block-social-link-anchor\"><svg width=\"24\" height=\"24\" viewBox=\"0 0 24 24\" version=\"1.1\" xmlns=\"http:\/\/www.w3.org\/2000\/svg\" aria-hidden=\"true\" focusable=\"false\"><path d=\"M12,22C6.486,22,2,17.514,2,12S6.486,2,12,2c5.514,0,10,4.486,10,10S17.514,22,12,22z M20.434,13.369 c-0.292-0.092-2.644-0.794-5.32-0.365c1.117,3.07,1.572,5.57,1.659,6.09C18.689,17.798,20.053,15.745,20.434,13.369z M15.336,19.876c-0.127-0.749-0.623-3.361-1.822-6.477c-0.019,0.006-0.038,0.013-0.056,0.019c-4.818,1.679-6.547,5.02-6.701,5.334 c1.448,1.129,3.268,1.803,5.243,1.803C13.183,20.555,14.311,20.313,15.336,19.876z M5.654,17.724 c0.193-0.331,2.538-4.213,6.943-5.637c0.111-0.036,0.224-0.07,0.337-0.102c-0.214-0.485-0.448-0.971-0.692-1.45 c-4.266,1.277-8.405,1.223-8.778,1.216c-0.003,0.087-0.004,0.174-0.004,0.261C3.458,14.207,4.29,16.21,5.654,17.724z M3.639,10.264 c0.382,0.005,3.901,0.02,7.897-1.041c-1.415-2.516-2.942-4.631-3.167-4.94C5.979,5.41,4.193,7.613,3.639,10.264z M9.998,3.709 c0.236,0.316,1.787,2.429,3.187,5c3.037-1.138,4.323-2.867,4.477-3.085C16.154,4.286,14.17,3.471,12,3.471 C11.311,3.471,10.641,3.554,9.998,3.709z M18.612,6.612C18.432,6.855,17,8.69,13.842,9.979c0.199,0.407,0.389,0.821,0.567,1.237 c0.063,0.148,0.124,0.295,0.184,0.441c2.842-0.357,5.666,0.215,5.948,0.275C20.522,9.916,19.801,8.065,18.612,6.612z\"><\/path><\/svg><span class=\"wp-block-social-link-label screen-reader-text\">Dribbble<\/span><\/a><\/li>\r\n\r\n<li style=\"color:#ffffff;\" class=\"wp-social-link wp-social-link-linkedin has-white-color wp-block-social-link\"><a rel=\"noopener nofollow\" target=\"_blank\" href=\"https:\/\/www.linkedin.com\/in\/greimana\/\" class=\"wp-block-social-link-anchor\"><svg width=\"24\" height=\"24\" viewBox=\"0 0 24 24\" version=\"1.1\" xmlns=\"http:\/\/www.w3.org\/2000\/svg\" aria-hidden=\"true\" focusable=\"false\"><path d=\"M19.7,3H4.3C3.582,3,3,3.582,3,4.3v15.4C3,20.418,3.582,21,4.3,21h15.4c0.718,0,1.3-0.582,1.3-1.3V4.3 C21,3.582,20.418,3,19.7,3z M8.339,18.338H5.667v-8.59h2.672V18.338z M7.004,8.574c-0.857,0-1.549-0.694-1.549-1.548 c0-0.855,0.691-1.548,1.549-1.548c0.854,0,1.547,0.694,1.547,1.548C8.551,7.881,7.858,8.574,7.004,8.574z M18.339,18.338h-2.669 v-4.177c0-0.996-0.017-2.278-1.387-2.278c-1.389,0-1.601,1.086-1.601,2.206v4.249h-2.667v-8.59h2.559v1.174h0.037 c0.356-0.675,1.227-1.387,2.526-1.387c2.703,0,3.203,1.779,3.203,4.092V18.338z\"><\/path><\/svg><span class=\"wp-block-social-link-label screen-reader-text\">LinkedIn<\/span><\/a><\/li><\/ul>\r\n","protected":false},"excerpt":{"rendered":"<p>Hi, my name is Gra\u017eina. I am graphic designer, and I also love programming. I live and create in Palanga, Lithuania. I have got graphic design masters degree at Vilnius Art Academy. Since 2017 I am a member of Lithuanian Artists\u2019 Association and Palanga Artist group \u201cMostas\u201c. As an artist I create digital graphics, generative [&hellip;]<\/p>\n","protected":false},"author":1,"featured_media":3744,"parent":0,"menu_order":0,"comment_status":"closed","ping_status":"closed","template":"about.php","meta":{"bt_blocks_editor_width":"","footnotes":""},"class_list":["post-16","page","type-page","status-publish","has-post-thumbnail","hentry"],"yoast_head":"<!-- This site is optimized with the Yoast SEO plugin v27.2 - https:\/\/yoast.com\/product\/yoast-seo-wordpress\/ -->\n<title>About | Grei<\/title>\n<meta name=\"description\" content=\"Hi, my name is Gra\u017eina. I am graphic designer, and I also love programming. I have got graphic design masters degree at Vilnius Art Academy. Since 2017 I am a member of Lithuanian Artists\u2019 Association and Palanga Artist group \u201cMostas\u201c. As an artist I create digital graphics, generative art ant kinetic illusions and actively participate in various exhibitions. Over a decade I work as a freelance designer and specialize in print and web design, logos and branding. Also I create unusual websites, visualizations, interactive infographics and other interdisciplinary projects.\" \/>\n<meta name=\"robots\" content=\"index, follow, max-snippet:-1, max-image-preview:large, max-video-preview:-1\" \/>\n<link rel=\"canonical\" href=\"http:\/\/Hi,%20my%20name%20is%20Gra\u017eina.%20I%20am%20graphic%20designer,%20and%20I%20also%20love%20programming.%20I%20live%20and%20create%20in%20Palanga,%20Lithuania.%20I%20have%20got%20graphic%20design%20masters%20degree%20at%20Vilnius%20Art%20Academy.%20Since%202017%20I%20am%20a%20member%20of%20Lithuanian%20Artists\u2019%20Association%20and%20Palanga%20Artist%20group%20\u201cMostas\u201c.%20As%20an%20artist%20I%20create%20digital%20graphics,%20generative&hellip;\" \/>\n<meta property=\"og:locale\" content=\"en_GB\" \/>\n<meta property=\"og:type\" content=\"article\" \/>\n<meta property=\"og:title\" content=\"About | Grei\" \/>\n<meta property=\"og:description\" content=\"Hi, my name is Gra\u017eina. I am graphic designer, and I also love programming. I have got graphic design masters degree at Vilnius Art Academy. Since 2017 I am a member of Lithuanian Artists\u2019 Association and Palanga Artist group \u201cMostas\u201c. As an artist I create digital graphics, generative art ant kinetic illusions and actively participate in various exhibitions. Over a decade I work as a freelance designer and specialize in print and web design, logos and branding. Also I create unusual websites, visualizations, interactive infographics and other interdisciplinary projects.\" \/>\n<meta property=\"og:url\" content=\"https:\/\/grei-grei.lt\/en\/about\/\" \/>\n<meta property=\"og:site_name\" content=\"Grei\" \/>\n<meta property=\"article:publisher\" content=\"https:\/\/www.facebook.com\/greidesign\/\" \/>\n<meta property=\"article:modified_time\" content=\"2025-01-31T22:56:42+00:00\" \/>\n<meta property=\"og:image\" content=\"https:\/\/grei-grei.lt\/wp-content\/uploads\/Grei.png\" \/>\n\t<meta property=\"og:image:width\" content=\"600\" \/>\n\t<meta property=\"og:image:height\" content=\"600\" \/>\n\t<meta property=\"og:image:type\" content=\"image\/png\" \/>\n<meta name=\"twitter:card\" content=\"summary_large_image\" \/>\n<meta name=\"twitter:label1\" content=\"Est. reading time\" \/>\n\t<meta name=\"twitter:data1\" content=\"1 minute\" \/>\n<script type=\"application\/ld+json\" class=\"yoast-schema-graph\">{\"@context\":\"https:\/\/schema.org\",\"@graph\":[{\"@type\":\"WebPage\",\"@id\":\"https:\/\/grei-grei.lt\/en\/about\/\",\"url\":\"https:\/\/grei-grei.lt\/en\/about\/\",\"name\":\"Apie | Grei\",\"isPartOf\":{\"@id\":\"https:\/\/grei-grei.lt\/#website\"},\"primaryImageOfPage\":{\"@id\":\"https:\/\/grei-grei.lt\/en\/about\/#primaryimage\"},\"image\":{\"@id\":\"https:\/\/grei-grei.lt\/en\/about\/#primaryimage\"},\"thumbnailUrl\":\"https:\/\/grei-grei.lt\/wp-content\/uploads\/Grei.png\",\"datePublished\":\"2017-08-07T19:08:42+00:00\",\"dateModified\":\"2025-01-31T22:56:42+00:00\",\"description\":\"Labas, a\u0161 \u2013 Gra\u017eina. Esu grafikos dizainer\u0117, meninink\u0117 ir dar m\u0117gstu programuoti. Esu baigusi vizualinio dizaino magistrant\u016bros studijas Vilniaus dail\u0117s akademijoje. 2017 metais tapau dailinink\u0173 s\u0105jungos ir Palangos k\u016brybin\u0117s grup\u0117s \u201eMostas\u201c nare. Aktyviai dalyvauju parodose. Mano k\u016bryba atliekama skaitmenin\u0117s grafikos, generuojamo ir kinetinio meno technikomis. Jau daugiau nei de\u0161imtmet\u012f dirbu laisvai samdoma grafikos dizainere. Kuriu spaudos ir web dizain\u0105, logotipus, prek\u0117s \u017eenklo dizain\u0105. Taip pat mano k\u016bryboje rasite nestandartinius tinklapius, vizualizacijas, interaktyvi\u0105 infografik\u0105 ir kit\u0173 tarpdisciplinini\u0173 projekt\u0173.\",\"breadcrumb\":{\"@id\":\"https:\/\/grei-grei.lt\/en\/about\/#breadcrumb\"},\"inLanguage\":\"en-GB\",\"potentialAction\":[{\"@type\":\"ReadAction\",\"target\":[\"https:\/\/grei-grei.lt\/en\/about\/\"]}]},{\"@type\":\"ImageObject\",\"inLanguage\":\"en-GB\",\"@id\":\"https:\/\/grei-grei.lt\/en\/about\/#primaryimage\",\"url\":\"https:\/\/grei-grei.lt\/wp-content\/uploads\/Grei.png\",\"contentUrl\":\"https:\/\/grei-grei.lt\/wp-content\/uploads\/Grei.png\",\"width\":600,\"height\":600},{\"@type\":\"BreadcrumbList\",\"@id\":\"https:\/\/grei-grei.lt\/en\/about\/#breadcrumb\",\"itemListElement\":[{\"@type\":\"ListItem\",\"position\":1,\"name\":\"Grei\",\"item\":\"https:\/\/grei-grei.lt\/\"},{\"@type\":\"ListItem\",\"position\":2,\"name\":\"Gra\u017eina Eimanavi\u010di\u016bt\u0117 Ka\u0161\u010dionien\u0117\"}]},{\"@type\":\"WebSite\",\"@id\":\"https:\/\/grei-grei.lt\/en\/#website\",\"url\":\"https:\/\/grei-grei.lt\/en\/\",\"name\":\"Grei\",\"description\":\"\",\"publisher\":{\"@id\":\"https:\/\/grei-grei.lt\/en\/#organization\"},\"potentialAction\":[{\"@type\":\"SearchAction\",\"target\":{\"@type\":\"EntryPoint\",\"urlTemplate\":\"https:\/\/grei-grei.lt\/en\/?s={search_term_string}\"},\"query-input\":{\"@type\":\"PropertyValueSpecification\",\"valueRequired\":true,\"valueName\":\"search_term_string\"}}],\"inLanguage\":\"en-GB\"},{\"@type\":\"Organization\",\"@id\":\"https:\/\/grei-grei.lt\/en\/#organization\",\"name\":\"Grei\",\"url\":\"https:\/\/grei-grei.lt\/en\/\",\"logo\":{\"@type\":\"ImageObject\",\"inLanguage\":\"en-GB\",\"@id\":\"https:\/\/grei-grei.lt\/en\/#\/schema\/logo\/image\/\",\"url\":\"https:\/\/val.grei-grei.lt\/wp-content\/uploads\/favicon@4x.png\",\"contentUrl\":\"https:\/\/val.grei-grei.lt\/wp-content\/uploads\/favicon@4x.png\",\"width\":212,\"height\":212,\"caption\":\"Grei\"},\"image\":{\"@id\":\"https:\/\/grei-grei.lt\/en\/#\/schema\/logo\/image\/\"},\"sameAs\":[\"https:\/\/www.facebook.com\/greidesign\/\",\"https:\/\/www.instagram.com\/grazinagrei\/\"]}]}<\/script>\n<!-- \/ Yoast SEO plugin. -->","yoast_head_json":{"title":"About | Grei","description":"Hi, my name is Gra\u017eina. I am graphic designer, and I also love programming. I have got graphic design masters degree at Vilnius Art Academy. Since 2017 I am a member of Lithuanian Artists\u2019 Association and Palanga Artist group \u201cMostas\u201c. As an artist I create digital graphics, generative art ant kinetic illusions and actively participate in various exhibitions. Over a decade I work as a freelance designer and specialize in print and web design, logos and branding. Also I create unusual websites, visualizations, interactive infographics and other interdisciplinary projects.","robots":{"index":"index","follow":"follow","max-snippet":"max-snippet:-1","max-image-preview":"max-image-preview:large","max-video-preview":"max-video-preview:-1"},"canonical":"Hi, my name is Gra\u017eina. I am graphic designer, and I also love programming. I live and create in Palanga, Lithuania. I have got graphic design masters degree at Vilnius Art Academy. Since 2017 I am a member of Lithuanian Artists\u2019 Association and Palanga Artist group \u201cMostas\u201c. As an artist I create digital graphics, generative&hellip;","og_locale":"en_GB","og_type":"article","og_title":"About | Grei","og_description":"Hi, my name is Gra\u017eina. I am graphic designer, and I also love programming. I have got graphic design masters degree at Vilnius Art Academy. Since 2017 I am a member of Lithuanian Artists\u2019 Association and Palanga Artist group \u201cMostas\u201c. As an artist I create digital graphics, generative art ant kinetic illusions and actively participate in various exhibitions. Over a decade I work as a freelance designer and specialize in print and web design, logos and branding. Also I create unusual websites, visualizations, interactive infographics and other interdisciplinary projects.","og_url":"https:\/\/grei-grei.lt\/en\/about\/","og_site_name":"Grei","article_publisher":"https:\/\/www.facebook.com\/greidesign\/","article_modified_time":"2025-01-31T22:56:42+00:00","og_image":[{"width":600,"height":600,"url":"https:\/\/grei-grei.lt\/wp-content\/uploads\/Grei.png","type":"image\/png"}],"twitter_card":"summary_large_image","twitter_misc":{"Est. reading time":"1 minute"},"schema":{"@context":"https:\/\/schema.org","@graph":[{"@type":"WebPage","@id":"https:\/\/grei-grei.lt\/en\/about\/","url":"https:\/\/grei-grei.lt\/en\/about\/","name":"Apie | Grei","isPartOf":{"@id":"https:\/\/grei-grei.lt\/#website"},"primaryImageOfPage":{"@id":"https:\/\/grei-grei.lt\/en\/about\/#primaryimage"},"image":{"@id":"https:\/\/grei-grei.lt\/en\/about\/#primaryimage"},"thumbnailUrl":"https:\/\/grei-grei.lt\/wp-content\/uploads\/Grei.png","datePublished":"2017-08-07T19:08:42+00:00","dateModified":"2025-01-31T22:56:42+00:00","description":"Labas, a\u0161 \u2013 Gra\u017eina. Esu grafikos dizainer\u0117, meninink\u0117 ir dar m\u0117gstu programuoti. Esu baigusi vizualinio dizaino magistrant\u016bros studijas Vilniaus dail\u0117s akademijoje. 2017 metais tapau dailinink\u0173 s\u0105jungos ir Palangos k\u016brybin\u0117s grup\u0117s \u201eMostas\u201c nare. Aktyviai dalyvauju parodose. Mano k\u016bryba atliekama skaitmenin\u0117s grafikos, generuojamo ir kinetinio meno technikomis. Jau daugiau nei de\u0161imtmet\u012f dirbu laisvai samdoma grafikos dizainere. Kuriu spaudos ir web dizain\u0105, logotipus, prek\u0117s \u017eenklo dizain\u0105. Taip pat mano k\u016bryboje rasite nestandartinius tinklapius, vizualizacijas, interaktyvi\u0105 infografik\u0105 ir kit\u0173 tarpdisciplinini\u0173 projekt\u0173.","breadcrumb":{"@id":"https:\/\/grei-grei.lt\/en\/about\/#breadcrumb"},"inLanguage":"en-GB","potentialAction":[{"@type":"ReadAction","target":["https:\/\/grei-grei.lt\/en\/about\/"]}]},{"@type":"ImageObject","inLanguage":"en-GB","@id":"https:\/\/grei-grei.lt\/en\/about\/#primaryimage","url":"https:\/\/grei-grei.lt\/wp-content\/uploads\/Grei.png","contentUrl":"https:\/\/grei-grei.lt\/wp-content\/uploads\/Grei.png","width":600,"height":600},{"@type":"BreadcrumbList","@id":"https:\/\/grei-grei.lt\/en\/about\/#breadcrumb","itemListElement":[{"@type":"ListItem","position":1,"name":"Grei","item":"https:\/\/grei-grei.lt\/"},{"@type":"ListItem","position":2,"name":"Gra\u017eina Eimanavi\u010di\u016bt\u0117 Ka\u0161\u010dionien\u0117"}]},{"@type":"WebSite","@id":"https:\/\/grei-grei.lt\/en\/#website","url":"https:\/\/grei-grei.lt\/en\/","name":"Grei","description":"","publisher":{"@id":"https:\/\/grei-grei.lt\/en\/#organization"},"potentialAction":[{"@type":"SearchAction","target":{"@type":"EntryPoint","urlTemplate":"https:\/\/grei-grei.lt\/en\/?s={search_term_string}"},"query-input":{"@type":"PropertyValueSpecification","valueRequired":true,"valueName":"search_term_string"}}],"inLanguage":"en-GB"},{"@type":"Organization","@id":"https:\/\/grei-grei.lt\/en\/#organization","name":"Grei","url":"https:\/\/grei-grei.lt\/en\/","logo":{"@type":"ImageObject","inLanguage":"en-GB","@id":"https:\/\/grei-grei.lt\/en\/#\/schema\/logo\/image\/","url":"https:\/\/val.grei-grei.lt\/wp-content\/uploads\/favicon@4x.png","contentUrl":"https:\/\/val.grei-grei.lt\/wp-content\/uploads\/favicon@4x.png","width":212,"height":212,"caption":"Grei"},"image":{"@id":"https:\/\/grei-grei.lt\/en\/#\/schema\/logo\/image\/"},"sameAs":["https:\/\/www.facebook.com\/greidesign\/","https:\/\/www.instagram.com\/grazinagrei\/"]}]}},"_links":{"self":[{"href":"https:\/\/grei-grei.lt\/en\/wp-json\/wp\/v2\/pages\/16","targetHints":{"allow":["GET"]}}],"collection":[{"href":"https:\/\/grei-grei.lt\/en\/wp-json\/wp\/v2\/pages"}],"about":[{"href":"https:\/\/grei-grei.lt\/en\/wp-json\/wp\/v2\/types\/page"}],"author":[{"embeddable":true,"href":"https:\/\/grei-grei.lt\/en\/wp-json\/wp\/v2\/users\/1"}],"replies":[{"embeddable":true,"href":"https:\/\/grei-grei.lt\/en\/wp-json\/wp\/v2\/comments?post=16"}],"version-history":[{"count":1,"href":"https:\/\/grei-grei.lt\/en\/wp-json\/wp\/v2\/pages\/16\/revisions"}],"predecessor-version":[{"id":3743,"href":"https:\/\/grei-grei.lt\/en\/wp-json\/wp\/v2\/pages\/16\/revisions\/3743"}],"wp:featuredmedia":[{"embeddable":true,"href":"https:\/\/grei-grei.lt\/en\/wp-json\/wp\/v2\/media\/3744"}],"wp:attachment":[{"href":"https:\/\/grei-grei.lt\/en\/wp-json\/wp\/v2\/media?parent=16"}],"curies":[{"name":"wp","href":"https:\/\/api.w.org\/{rel}","templated":true}]}}